{"id":1065,"date":"2019-02-08T12:48:07","date_gmt":"2019-02-08T11:48:07","guid":{"rendered":"https:\/\/de.shoutcast-tools.com\/?page_id=1065"},"modified":"2023-10-01T16:35:31","modified_gmt":"2023-10-01T15:35:31","slug":"faq-2","status":"publish","type":"page","link":"https:\/\/de.shoutcast-tools.com\/en\/faq\/","title":{"rendered":"frequently asked Questions"},"content":{"rendered":"<div id=\"cs-content\" class=\"cs-content\"><\/div>","protected":false},"excerpt":{"rendered":"<p>H\u00e4ufig gestellte Fragen Sie finden hier eine Auswahl der am h\u00e4ufigst gestellten Fragen. Sollten Sie weitere Anliegen haben, freuen Wir uns von Ihnen zu h\u00f6ren. Jetzt eine Anfrage stellenStreambox Generator &#x25b8;Wie wird die Streambox in eine Webseite eingebunden?Nach dem Speichern Ihrer Streambox erhalten Sie einen HTML-Code. Diesen k\u00f6nnen Sie an einer beliebigen Stelle in Ihrer Seite einbinden. Die Streambox wird &#8230; <\/p>\n<div><a href=\"https:\/\/de.shoutcast-tools.com\/en\/faq\/\" class=\"more-link\">read more<\/a><\/div>","protected":false},"author":1,"featured_media":0,"parent":0,"menu_order":0,"comment_status":"closed","ping_status":"closed","template":"template-blank-4.php","meta":{"footnotes":""},"class_list":["post-1065","page","type-page","status-publish","hentry","no-post-thumbnail"],"_links":{"self":[{"href":"https:\/\/de.shoutcast-tools.com\/en\/wp-json\/wp\/v2\/pages\/1065","targetHints":{"allow":["GET"]}}],"collection":[{"href":"https:\/\/de.shoutcast-tools.com\/en\/wp-json\/wp\/v2\/pages"}],"about":[{"href":"https:\/\/de.shoutcast-tools.com\/en\/wp-json\/wp\/v2\/types\/page"}],"author":[{"embeddable":true,"href":"https:\/\/de.shoutcast-tools.com\/en\/wp-json\/wp\/v2\/users\/1"}],"replies":[{"embeddable":true,"href":"https:\/\/de.shoutcast-tools.com\/en\/wp-json\/wp\/v2\/comments?post=1065"}],"version-history":[{"count":1,"href":"https:\/\/de.shoutcast-tools.com\/en\/wp-json\/wp\/v2\/pages\/1065\/revisions"}],"predecessor-version":[{"id":54389,"href":"https:\/\/de.shoutcast-tools.com\/en\/wp-json\/wp\/v2\/pages\/1065\/revisions\/54389"}],"wp:attachment":[{"href":"https:\/\/de.shoutcast-tools.com\/en\/wp-json\/wp\/v2\/media?parent=1065"}],"curies":[{"name":"wp","href":"https:\/\/api.w.org\/{rel}","templated":true}]}}