{"id":69,"date":"2019-01-11T14:42:34","date_gmt":"2019-01-11T13:42:34","guid":{"rendered":"http:\/\/de.shoutcast-tools.com\/?page_id=69"},"modified":"2023-10-01T17:21:50","modified_gmt":"2023-10-01T16:21:50","slug":"statistic","status":"publish","type":"page","link":"https:\/\/de.shoutcast-tools.com\/en\/statistik\/","title":{"rendered":"Shoutcast Statistics"},"content":{"rendered":"<div id=\"cs-content\" class=\"cs-content\"><\/div>","protected":false},"excerpt":{"rendered":"<p>Shoutcast Streamserver Statistik Hier bieten wir Ihnen die M\u00f6glichkeit, eine umfassende Stream-H\u00f6rer-Statistik f\u00fcr Ihren Shoutcast-Stream zu erstellen. Behalten Sie im Blick, wie viele H\u00f6rer Ihr Webradio zu welcher Uhrzeit hat, welchen Player Ihre Zuh\u00f6rer bevorzugen und woher Ihre H\u00f6rer stammen.Die von uns angebotenen Shoutcast-Statistiken sind innovativ, stilvoll und werden bereits heute weltweit von \u00fcber 4328 Webradio-Inhabern t\u00e4glich genutzt. Shoutcast Statistik &#8230; <\/p>\n<div><a href=\"https:\/\/de.shoutcast-tools.com\/en\/statistik\/\" class=\"more-link\">read more<\/a><\/div>","protected":false},"author":1,"featured_media":0,"parent":0,"menu_order":0,"comment_status":"closed","ping_status":"closed","template":"template-blank-4.php","meta":{"footnotes":""},"class_list":["post-69","page","type-page","status-publish","hentry","no-post-thumbnail"],"_links":{"self":[{"href":"https:\/\/de.shoutcast-tools.com\/en\/wp-json\/wp\/v2\/pages\/69","targetHints":{"allow":["GET"]}}],"collection":[{"href":"https:\/\/de.shoutcast-tools.com\/en\/wp-json\/wp\/v2\/pages"}],"about":[{"href":"https:\/\/de.shoutcast-tools.com\/en\/wp-json\/wp\/v2\/types\/page"}],"author":[{"embeddable":true,"href":"https:\/\/de.shoutcast-tools.com\/en\/wp-json\/wp\/v2\/users\/1"}],"replies":[{"embeddable":true,"href":"https:\/\/de.shoutcast-tools.com\/en\/wp-json\/wp\/v2\/comments?post=69"}],"version-history":[{"count":3,"href":"https:\/\/de.shoutcast-tools.com\/en\/wp-json\/wp\/v2\/pages\/69\/revisions"}],"predecessor-version":[{"id":54404,"href":"https:\/\/de.shoutcast-tools.com\/en\/wp-json\/wp\/v2\/pages\/69\/revisions\/54404"}],"wp:attachment":[{"href":"https:\/\/de.shoutcast-tools.com\/en\/wp-json\/wp\/v2\/media?parent=69"}],"curies":[{"name":"wp","href":"https:\/\/api.w.org\/{rel}","templated":true}]}}